{"id":1277,"date":"2020-10-15T04:31:39","date_gmt":"2020-10-15T08:31:39","guid":{"rendered":"https:\/\/www.fqesr.com\/welcome\/"},"modified":"2022-11-28T10:59:38","modified_gmt":"2022-11-28T15:59:38","slug":"welcome","status":"publish","type":"page","link":"https:\/\/www.fqesr.com\/en\/","title":{"rendered":"Welcome"},"content":{"rendered":"\t\t<div data-elementor-type=\"wp-page\" data-elementor-id=\"1277\" class=\"elementor elementor-1277 elementor-4\">\n\t\t\t\t\t\t<section class=\"elementor-section elementor-top-section elementor-element elementor-element-52ba4e0 elementor-section-full_width elementor-section-height-default elementor-section-height-default\" data-id=\"52ba4e0\" data-element_type=\"section\" data-settings=\"{&quot;jet_parallax_layout_list&quot;:[]}\">\n\t\t\t\t\t\t<div class=\"elementor-container elementor-column-gap-default\">\n\t\t\t\t\t<div class=\"elementor-column elementor-col-100 elementor-top-column elementor-element elementor-element-8884256\" data-id=\"8884256\" data-element_type=\"column\">\n\t\t\t<div class=\"elementor-widget-wrap elementor-element-populated\">\n\t\t\t\t\t\t<div class=\"elementor-element elementor-element-096073f elementor-widget elementor-widget-image\" data-id=\"096073f\" data-element_type=\"widget\" data-widget_type=\"image.default\">\n\t\t\t\t<div class=\"elementor-widget-container\">\n\t\t\t\t\t\t\t\t\t\t\t\t\t<img fetchpriority=\"high\" decoding=\"async\" width=\"2048\" height=\"858\" src=\"https:\/\/www.fqesr.com\/wp-content\/uploads\/2022\/06\/FQESR_bandeau_An-2048x858.jpg\" class=\"attachment-2048x2048 size-2048x2048 wp-image-1249\" alt=\"\" srcset=\"https:\/\/www.fqesr.com\/wp-content\/uploads\/2022\/06\/FQESR_bandeau_An-2048x858.jpg 2048w, https:\/\/www.fqesr.com\/wp-content\/uploads\/2022\/06\/FQESR_bandeau_An-300x126.jpg 300w, https:\/\/www.fqesr.com\/wp-content\/uploads\/2022\/06\/FQESR_bandeau_An-1024x429.jpg 1024w, https:\/\/www.fqesr.com\/wp-content\/uploads\/2022\/06\/FQESR_bandeau_An-768x322.jpg 768w, https:\/\/www.fqesr.com\/wp-content\/uploads\/2022\/06\/FQESR_bandeau_An-1536x644.jpg 1536w\" sizes=\"(max-width: 2048px) 100vw, 2048px\" \/>\t\t\t\t\t\t\t\t\t\t\t\t\t<\/div>\n\t\t\t\t<\/div>\n\t\t\t\t\t<\/div>\n\t\t<\/div>\n\t\t\t\t\t<\/div>\n\t\t<\/section>\n\t\t\t\t<section class=\"elementor-section elementor-top-section elementor-element elementor-element-9345774 elementor-section-content-top elementor-section-stretched elementor-section-boxed elementor-section-height-default elementor-section-height-default\" data-id=\"9345774\" data-element_type=\"section\" data-settings=\"{&quot;stretch_section&quot;:&quot;section-stretched&quot;,&quot;jet_parallax_layout_list&quot;:[],&quot;background_background&quot;:&quot;classic&quot;}\">\n\t\t\t\t\t\t<div class=\"elementor-container elementor-column-gap-default\">\n\t\t\t\t\t<div class=\"elementor-column elementor-col-50 elementor-top-column elementor-element elementor-element-c873750 elementor-invisible\" data-id=\"c873750\" data-element_type=\"column\" data-settings=\"{&quot;animation&quot;:&quot;fadeInLeft&quot;}\">\n\t\t\t<div class=\"elementor-widget-wrap elementor-element-populated\">\n\t\t\t\t\t\t<div class=\"elementor-element elementor-element-4911faf elementor-widget elementor-widget-heading\" data-id=\"4911faf\" data-element_type=\"widget\" data-widget_type=\"heading.default\">\n\t\t\t\t<div class=\"elementor-widget-container\">\n\t\t\t<h2 class=\"elementor-heading-title elementor-size-default\">\u201cOur decisions and actions are guided by our values: dedication to road safety and sustainable mobility, integrity, respect and involvement.\u201d<\/h2>\t\t<\/div>\n\t\t\t\t<\/div>\n\t\t\t\t\t<\/div>\n\t\t<\/div>\n\t\t\t\t<div class=\"elementor-column elementor-col-50 elementor-top-column elementor-element elementor-element-e364440 elementor-invisible\" data-id=\"e364440\" data-element_type=\"column\" data-settings=\"{&quot;animation&quot;:&quot;fadeInRight&quot;}\">\n\t\t\t<div class=\"elementor-widget-wrap elementor-element-populated\">\n\t\t\t\t\t\t<div class=\"elementor-element elementor-element-e42e423 title-divider elementor-widget elementor-widget-heading\" data-id=\"e42e423\" data-element_type=\"widget\" data-widget_type=\"heading.default\">\n\t\t\t\t<div class=\"elementor-widget-container\">\n\t\t\t<h2 class=\"elementor-heading-title elementor-size-default\">ACTION-ORIENTED EDUCATIONAL APPROACH<\/h2>\t\t<\/div>\n\t\t\t\t<\/div>\n\t\t\t\t<div class=\"elementor-element elementor-element-29b887c elementor-widget elementor-widget-text-editor\" data-id=\"29b887c\" data-element_type=\"widget\" data-widget_type=\"text-editor.default\">\n\t\t\t\t<div class=\"elementor-widget-container\">\n\t\t\t\t\t\t\t<p>The FQESR creates educational activities and rallying projects that encourage young people to drive safely and eco-responsibly, and then share what they learn with those around them.<\/p>\t\t\t\t\t\t<\/div>\n\t\t\t\t<\/div>\n\t\t\t\t\t<\/div>\n\t\t<\/div>\n\t\t\t\t\t<\/div>\n\t\t<\/section>\n\t\t\t\t<section class=\"elementor-section elementor-top-section elementor-element elementor-element-dea6a61 elementor-section-height-min-height elementor-section-stretched elementor-section-boxed elementor-section-height-default elementor-section-items-middle\" data-id=\"dea6a61\" data-element_type=\"section\" data-settings=\"{&quot;stretch_section&quot;:&quot;section-stretched&quot;,&quot;jet_parallax_layout_list&quot;:[],&quot;background_background&quot;:&quot;classic&quot;}\">\n\t\t\t\t\t\t<div class=\"elementor-container elementor-column-gap-default\">\n\t\t\t\t\t<div class=\"elementor-column elementor-col-50 elementor-top-column elementor-element elementor-element-b20b848 elementor-invisible\" data-id=\"b20b848\" data-element_type=\"column\" data-settings=\"{&quot;animation&quot;:&quot;fadeInLeft&quot;}\">\n\t\t\t<div class=\"elementor-widget-wrap elementor-element-populated\">\n\t\t\t\t\t\t<div class=\"elementor-element elementor-element-0968815 title-divider elementor-widget elementor-widget-heading\" data-id=\"0968815\" data-element_type=\"widget\" data-widget_type=\"heading.default\">\n\t\t\t\t<div class=\"elementor-widget-container\">\n\t\t\t<h2 class=\"elementor-heading-title elementor-size-default\">ROAD SAFETY NEEDS IMPROVEMENT<\/h2>\t\t<\/div>\n\t\t\t\t<\/div>\n\t\t\t\t<div class=\"elementor-element elementor-element-c033646 elementor-widget elementor-widget-text-editor\" data-id=\"c033646\" data-element_type=\"widget\" data-widget_type=\"text-editor.default\">\n\t\t\t\t<div class=\"elementor-widget-container\">\n\t\t\t\t\t\t\tOver 330 people died on Quebec roads in 2019. Though the fatality rate for young drivers has decreased in recent years, this age group is still overrepresented among the drivers involved in road accidents. That\u2019s why the FQESR is teaming up with other road safety advocates to improve road safety.\t\t\t\t\t\t<\/div>\n\t\t\t\t<\/div>\n\t\t\t\t<div class=\"elementor-element elementor-element-feb5a15 elementor-widget elementor-widget-spacer\" data-id=\"feb5a15\" data-element_type=\"widget\" data-widget_type=\"spacer.default\">\n\t\t\t\t<div class=\"elementor-widget-container\">\n\t\t\t\t\t<div class=\"elementor-spacer\">\n\t\t\t<div class=\"elementor-spacer-inner\"><\/div>\n\t\t<\/div>\n\t\t\t\t<\/div>\n\t\t\t\t<\/div>\n\t\t\t\t<div class=\"elementor-element elementor-element-76d314f title-divider elementor-widget elementor-widget-heading\" data-id=\"76d314f\" data-element_type=\"widget\" data-widget_type=\"heading.default\">\n\t\t\t\t<div class=\"elementor-widget-container\">\n\t\t\t<h2 class=\"elementor-heading-title elementor-size-default\">CARS ARE THE TOP SOURCE OF GREENHOUSE GASES<\/h2>\t\t<\/div>\n\t\t\t\t<\/div>\n\t\t\t\t<div class=\"elementor-element elementor-element-e5f2ebe elementor-widget elementor-widget-text-editor\" data-id=\"e5f2ebe\" data-element_type=\"widget\" data-widget_type=\"text-editor.default\">\n\t\t\t\t<div class=\"elementor-widget-container\">\n\t\t\t\t\t\t\t<p>Road transportation is the main source of greenhouse gases (GHGs) in Quebec. GHGs are a major contributor to the climate changes we have been seeing in recent years. To reduce automobiles\u2019 environmental footprint, the FQESR works with young people on educational projects that encourage electric and sustainable transportation.<\/p>\t\t\t\t\t\t<\/div>\n\t\t\t\t<\/div>\n\t\t\t\t\t<\/div>\n\t\t<\/div>\n\t\t\t\t<div class=\"elementor-column elementor-col-50 elementor-top-column elementor-element elementor-element-8e807dc\" data-id=\"8e807dc\" data-element_type=\"column\" data-settings=\"{&quot;background_background&quot;:&quot;classic&quot;}\">\n\t\t\t<div class=\"elementor-widget-wrap elementor-element-populated\">\n\t\t\t\t\t\t<div class=\"elementor-element elementor-element-42d0b2e elementor-widget elementor-widget-image\" data-id=\"42d0b2e\" data-element_type=\"widget\" data-widget_type=\"image.default\">\n\t\t\t\t<div class=\"elementor-widget-container\">\n\t\t\t\t\t\t\t\t\t\t\t\t\t<img decoding=\"async\" width=\"300\" height=\"300\" src=\"https:\/\/www.fqesr.com\/wp-content\/uploads\/2022\/03\/screenshot_13.png\" class=\"attachment-large size-large wp-image-1168\" alt=\"\" srcset=\"https:\/\/www.fqesr.com\/wp-content\/uploads\/2022\/03\/screenshot_13.png 300w, https:\/\/www.fqesr.com\/wp-content\/uploads\/2022\/03\/screenshot_13-150x150.png 150w\" sizes=\"(max-width: 300px) 100vw, 300px\" \/>\t\t\t\t\t\t\t\t\t\t\t\t\t<\/div>\n\t\t\t\t<\/div>\n\t\t\t\t\t<\/div>\n\t\t<\/div>\n\t\t\t\t\t<\/div>\n\t\t<\/section>\n\t\t\t\t<section class=\"elementor-section elementor-top-section elementor-element elementor-element-c57e01b elementor-section-boxed elementor-section-height-default elementor-section-height-default\" data-id=\"c57e01b\" data-element_type=\"section\" data-settings=\"{&quot;jet_parallax_layout_list&quot;:[]}\">\n\t\t\t\t\t\t<div class=\"elementor-container elementor-column-gap-default\">\n\t\t\t\t\t<div class=\"elementor-column elementor-col-100 elementor-top-column elementor-element elementor-element-7e836cf\" data-id=\"7e836cf\" data-element_type=\"column\">\n\t\t\t<div class=\"elementor-widget-wrap elementor-element-populated\">\n\t\t\t\t\t\t<div class=\"elementor-element elementor-element-ef01ce4 title-divider elementor-widget elementor-widget-heading\" data-id=\"ef01ce4\" data-element_type=\"widget\" data-widget_type=\"heading.default\">\n\t\t\t\t<div class=\"elementor-widget-container\">\n\t\t\t<h2 class=\"elementor-heading-title elementor-size-default\">News feed<\/h2>\t\t<\/div>\n\t\t\t\t<\/div>\n\t\t\t\t\t<\/div>\n\t\t<\/div>\n\t\t\t\t\t<\/div>\n\t\t<\/section>\n\t\t\t\t<\/div>\n\t\t","protected":false},"excerpt":{"rendered":"<p>\u201cOur decisions and actions are guided by our values: dedication to road safety and sustainable mobility, integrity, respect and involvement.\u201d ACTION-ORIENTED EDUCATIONAL APPROACH The FQESR creates educational activities and rallying projects that encourage young people to drive safely and eco-responsibly, and then share what they learn with those around them. ROAD SAFETY NEEDS IMPROVEMENT Over [&hellip;]<\/p>\n","protected":false},"author":1,"featured_media":0,"parent":0,"menu_order":-9999,"comment_status":"closed","ping_status":"closed","template":"","meta":[],"yoast_head":"<!-- This site is optimized with the Yoast SEO plugin v21.1 - https:\/\/yoast.com\/wordpress\/plugins\/seo\/ -->\n<title>Welcome - Fondation qu\u00e9becoise d&#039;\u00e9ducation en s\u00e9curit\u00e9 routi\u00e8re<\/title>\n<meta name=\"robots\" content=\"index, follow, max-snippet:-1, max-image-preview:large, max-video-preview:-1\" \/>\n<link rel=\"canonical\" href=\"https:\/\/www.fqesr.com\/\" \/>\n<meta property=\"og:locale\" content=\"en_US\" \/>\n<meta property=\"og:type\" content=\"article\" \/>\n<meta property=\"og:title\" content=\"Welcome - Fondation qu\u00e9becoise d&#039;\u00e9ducation en s\u00e9curit\u00e9 routi\u00e8re\" \/>\n<meta property=\"og:description\" content=\"\u201cOur decisions and actions are guided by our values: dedication to road safety and sustainable mobility, integrity, respect and involvement.\u201d ACTION-ORIENTED EDUCATIONAL APPROACH The FQESR creates educational activities and rallying projects that encourage young people to drive safely and eco-responsibly, and then share what they learn with those around them. ROAD SAFETY NEEDS IMPROVEMENT Over [&hellip;]\" \/>\n<meta property=\"og:url\" content=\"https:\/\/www.fqesr.com\/\" \/>\n<meta property=\"og:site_name\" content=\"Fondation qu\u00e9becoise d&#039;\u00e9ducation en s\u00e9curit\u00e9 routi\u00e8re\" \/>\n<meta property=\"article:modified_time\" content=\"2022-11-28T15:59:38+00:00\" \/>\n<meta property=\"og:image\" content=\"https:\/\/www.fqesr.com\/wp-content\/uploads\/2022\/06\/FQESR_bandeau_An-2048x858.jpg\" \/>\n<meta name=\"twitter:card\" content=\"summary_large_image\" \/>\n<meta name=\"twitter:label1\" content=\"Est. reading time\" \/>\n\t<meta name=\"twitter:data1\" content=\"3 minutes\" \/>\n<script type=\"application\/ld+json\" class=\"yoast-schema-graph\">{\"@context\":\"https:\/\/schema.org\",\"@graph\":[{\"@type\":\"WebPage\",\"@id\":\"https:\/\/www.fqesr.com\/\",\"url\":\"https:\/\/www.fqesr.com\/\",\"name\":\"Welcome - Fondation qu\u00e9becoise d&#039;\u00e9ducation en s\u00e9curit\u00e9 routi\u00e8re\",\"isPartOf\":{\"@id\":\"https:\/\/www.fqesr.com\/#website\"},\"datePublished\":\"2020-10-15T08:31:39+00:00\",\"dateModified\":\"2022-11-28T15:59:38+00:00\",\"breadcrumb\":{\"@id\":\"https:\/\/www.fqesr.com\/#breadcrumb\"},\"inLanguage\":\"en-US\",\"potentialAction\":[{\"@type\":\"ReadAction\",\"target\":[\"https:\/\/www.fqesr.com\/\"]}]},{\"@type\":\"BreadcrumbList\",\"@id\":\"https:\/\/www.fqesr.com\/#breadcrumb\",\"itemListElement\":[{\"@type\":\"ListItem\",\"position\":1,\"name\":\"Accueil\",\"item\":\"https:\/\/www.fqesr.com\/\"},{\"@type\":\"ListItem\",\"position\":2,\"name\":\"Welcome\"}]},{\"@type\":\"WebSite\",\"@id\":\"https:\/\/www.fqesr.com\/#website\",\"url\":\"https:\/\/www.fqesr.com\/\",\"name\":\"Fondation qu\u00e9becoise d&#039;\u00e9ducation en s\u00e9curit\u00e9 routi\u00e8re\",\"description\":\"\",\"publisher\":{\"@id\":\"https:\/\/www.fqesr.com\/#organization\"},\"potentialAction\":[{\"@type\":\"SearchAction\",\"target\":{\"@type\":\"EntryPoint\",\"urlTemplate\":\"https:\/\/www.fqesr.com\/?s={search_term_string}\"},\"query-input\":\"required name=search_term_string\"}],\"inLanguage\":\"en-US\"},{\"@type\":\"Organization\",\"@id\":\"https:\/\/www.fqesr.com\/#organization\",\"name\":\"Fondation qu\u00e9becoise d&#039;\u00e9ducation en s\u00e9curit\u00e9 routi\u00e8re\",\"url\":\"https:\/\/www.fqesr.com\/\",\"logo\":{\"@type\":\"ImageObject\",\"inLanguage\":\"en-US\",\"@id\":\"https:\/\/www.fqesr.com\/#\/schema\/logo\/image\/\",\"url\":\"https:\/\/www.fqesr.com\/wp-content\/uploads\/2020\/10\/logo-fqesr.jpg\",\"contentUrl\":\"https:\/\/www.fqesr.com\/wp-content\/uploads\/2020\/10\/logo-fqesr.jpg\",\"width\":511,\"height\":208,\"caption\":\"Fondation qu\u00e9becoise d&#039;\u00e9ducation en s\u00e9curit\u00e9 routi\u00e8re\"},\"image\":{\"@id\":\"https:\/\/www.fqesr.com\/#\/schema\/logo\/image\/\"}}]}<\/script>\n<!-- \/ Yoast SEO plugin. -->","yoast_head_json":{"title":"Welcome - Fondation qu\u00e9becoise d&#039;\u00e9ducation en s\u00e9curit\u00e9 routi\u00e8re","robots":{"index":"index","follow":"follow","max-snippet":"max-snippet:-1","max-image-preview":"max-image-preview:large","max-video-preview":"max-video-preview:-1"},"canonical":"https:\/\/www.fqesr.com\/","og_locale":"en_US","og_type":"article","og_title":"Welcome - Fondation qu\u00e9becoise d&#039;\u00e9ducation en s\u00e9curit\u00e9 routi\u00e8re","og_description":"\u201cOur decisions and actions are guided by our values: dedication to road safety and sustainable mobility, integrity, respect and involvement.\u201d ACTION-ORIENTED EDUCATIONAL APPROACH The FQESR creates educational activities and rallying projects that encourage young people to drive safely and eco-responsibly, and then share what they learn with those around them. ROAD SAFETY NEEDS IMPROVEMENT Over [&hellip;]","og_url":"https:\/\/www.fqesr.com\/","og_site_name":"Fondation qu\u00e9becoise d&#039;\u00e9ducation en s\u00e9curit\u00e9 routi\u00e8re","article_modified_time":"2022-11-28T15:59:38+00:00","og_image":[{"url":"https:\/\/www.fqesr.com\/wp-content\/uploads\/2022\/06\/FQESR_bandeau_An-2048x858.jpg"}],"twitter_card":"summary_large_image","twitter_misc":{"Est. reading time":"3 minutes"},"schema":{"@context":"https:\/\/schema.org","@graph":[{"@type":"WebPage","@id":"https:\/\/www.fqesr.com\/","url":"https:\/\/www.fqesr.com\/","name":"Welcome - Fondation qu\u00e9becoise d&#039;\u00e9ducation en s\u00e9curit\u00e9 routi\u00e8re","isPartOf":{"@id":"https:\/\/www.fqesr.com\/#website"},"datePublished":"2020-10-15T08:31:39+00:00","dateModified":"2022-11-28T15:59:38+00:00","breadcrumb":{"@id":"https:\/\/www.fqesr.com\/#breadcrumb"},"inLanguage":"en-US","potentialAction":[{"@type":"ReadAction","target":["https:\/\/www.fqesr.com\/"]}]},{"@type":"BreadcrumbList","@id":"https:\/\/www.fqesr.com\/#breadcrumb","itemListElement":[{"@type":"ListItem","position":1,"name":"Accueil","item":"https:\/\/www.fqesr.com\/"},{"@type":"ListItem","position":2,"name":"Welcome"}]},{"@type":"WebSite","@id":"https:\/\/www.fqesr.com\/#website","url":"https:\/\/www.fqesr.com\/","name":"Fondation qu\u00e9becoise d&#039;\u00e9ducation en s\u00e9curit\u00e9 routi\u00e8re","description":"","publisher":{"@id":"https:\/\/www.fqesr.com\/#organization"},"potentialAction":[{"@type":"SearchAction","target":{"@type":"EntryPoint","urlTemplate":"https:\/\/www.fqesr.com\/?s={search_term_string}"},"query-input":"required name=search_term_string"}],"inLanguage":"en-US"},{"@type":"Organization","@id":"https:\/\/www.fqesr.com\/#organization","name":"Fondation qu\u00e9becoise d&#039;\u00e9ducation en s\u00e9curit\u00e9 routi\u00e8re","url":"https:\/\/www.fqesr.com\/","logo":{"@type":"ImageObject","inLanguage":"en-US","@id":"https:\/\/www.fqesr.com\/#\/schema\/logo\/image\/","url":"https:\/\/www.fqesr.com\/wp-content\/uploads\/2020\/10\/logo-fqesr.jpg","contentUrl":"https:\/\/www.fqesr.com\/wp-content\/uploads\/2020\/10\/logo-fqesr.jpg","width":511,"height":208,"caption":"Fondation qu\u00e9becoise d&#039;\u00e9ducation en s\u00e9curit\u00e9 routi\u00e8re"},"image":{"@id":"https:\/\/www.fqesr.com\/#\/schema\/logo\/image\/"}}]}},"_links":{"self":[{"href":"https:\/\/www.fqesr.com\/en\/wp-json\/wp\/v2\/pages\/1277"}],"collection":[{"href":"https:\/\/www.fqesr.com\/en\/wp-json\/wp\/v2\/pages"}],"about":[{"href":"https:\/\/www.fqesr.com\/en\/wp-json\/wp\/v2\/types\/page"}],"author":[{"embeddable":true,"href":"https:\/\/www.fqesr.com\/en\/wp-json\/wp\/v2\/users\/1"}],"replies":[{"embeddable":true,"href":"https:\/\/www.fqesr.com\/en\/wp-json\/wp\/v2\/comments?post=1277"}],"version-history":[{"count":24,"href":"https:\/\/www.fqesr.com\/en\/wp-json\/wp\/v2\/pages\/1277\/revisions"}],"predecessor-version":[{"id":1605,"href":"https:\/\/www.fqesr.com\/en\/wp-json\/wp\/v2\/pages\/1277\/revisions\/1605"}],"wp:attachment":[{"href":"https:\/\/www.fqesr.com\/en\/wp-json\/wp\/v2\/media?parent=1277"}],"curies":[{"name":"wp","href":"https:\/\/api.w.org\/{rel}","templated":true}]}}